{"id":5593,"date":"2024-05-06T06:45:09","date_gmt":"2024-05-06T04:45:09","guid":{"rendered":"https:\/\/www.hormicad.es\/two-layer-concrete-pavers\/"},"modified":"2026-04-22T12:55:55","modified_gmt":"2026-04-22T10:55:55","slug":"two-layer-concrete-pavers","status":"publish","type":"page","link":"https:\/\/www.hormicad.es\/en\/two-layer-concrete-pavers\/","title":{"rendered":"TWO-LAYER CONCRETE PAVERS"},"content":{"rendered":"\t\t<div data-elementor-type=\"wp-page\" data-elementor-id=\"5593\" class=\"elementor elementor-5593 elementor-1841\" data-elementor-post-type=\"page\">\n\t\t\t\t<div class=\"elementor-element elementor-element-ce557d5 e-con-full e-flex e-con e-parent\" data-id=\"ce557d5\" data-element_type=\"container\" data-e-type=\"container\" data-settings=\"{&quot;background_background&quot;:&quot;classic&quot;}\">\n\t\t<div class=\"elementor-element elementor-element-3955d47 e-flex e-con-boxed e-con e-child\" data-id=\"3955d47\" data-element_type=\"container\" data-e-type=\"container\" data-settings=\"{&quot;background_background&quot;:&quot;classic&quot;}\">\n\t\t\t\t\t<div class=\"e-con-inner\">\n\t\t<div class=\"elementor-element elementor-element-1e29e2a e-con-full e-flex e-con e-child\" data-id=\"1e29e2a\" data-element_type=\"container\" data-e-type=\"container\">\n\t\t\t\t<div class=\"elementor-element elementor-element-58c0dbf elementor-widget elementor-widget-spacer\" data-id=\"58c0dbf\" data-element_type=\"widget\" data-e-type=\"widget\" data-widget_type=\"spacer.default\">\n\t\t\t\t<div class=\"elementor-widget-container\">\n\t\t\t\t\t\t\t<div class=\"elementor-spacer\">\n\t\t\t<div class=\"elementor-spacer-inner\"><\/div>\n\t\t<\/div>\n\t\t\t\t\t\t<\/div>\n\t\t\t\t<\/div>\n\t\t\t\t<div class=\"elementor-element elementor-element-5c21eba elementor-widget elementor-widget-image\" data-id=\"5c21eba\" data-element_type=\"widget\" data-e-type=\"widget\" data-widget_type=\"image.default\">\n\t\t\t\t<div class=\"elementor-widget-container\">\n\t\t\t\t\t\t\t\t\t\t\t\t\t\t\t<img fetchpriority=\"high\" decoding=\"async\" width=\"300\" height=\"262\" src=\"https:\/\/www.hormicad.es\/wp-content\/uploads\/2024\/04\/hormicad-1-70x61.png\" class=\"attachment-medium size-medium wp-image-5338\" alt=\"\" srcset=\"https:\/\/www.hormicad.es\/wp-content\/uploads\/2024\/04\/hormicad-1-300x262.png 300w, https:\/\/www.hormicad.es\/wp-content\/uploads\/2024\/04\/hormicad-1-768x671.png 768w, https:\/\/www.hormicad.es\/wp-content\/uploads\/2024\/04\/hormicad-1-70x61.png 70w, https:\/\/www.hormicad.es\/wp-content\/uploads\/2024\/04\/hormicad-1.png 985w\" sizes=\"300px\" \/>\t\t\t\t\t\t\t\t\t\t\t\t\t\t\t<\/div>\n\t\t\t\t<\/div>\n\t\t\t\t<\/div>\n\t\t<div class=\"elementor-element elementor-element-f5c339d e-flex e-con-boxed e-con e-child\" data-id=\"f5c339d\" data-element_type=\"container\" data-e-type=\"container\">\n\t\t\t\t\t<div class=\"e-con-inner\">\n\t\t<div class=\"elementor-element elementor-element-ad9734d e-con-full e-flex e-con e-child\" data-id=\"ad9734d\" data-element_type=\"container\" data-e-type=\"container\">\n\t\t\t\t<div class=\"elementor-element elementor-element-f1456f6 elementor-widget elementor-widget-spacer\" data-id=\"f1456f6\" data-element_type=\"widget\" data-e-type=\"widget\" data-widget_type=\"spacer.default\">\n\t\t\t\t<div class=\"elementor-widget-container\">\n\t\t\t\t\t\t\t<div class=\"elementor-spacer\">\n\t\t\t<div class=\"elementor-spacer-inner\"><\/div>\n\t\t<\/div>\n\t\t\t\t\t\t<\/div>\n\t\t\t\t<\/div>\n\t\t\t\t<div class=\"elementor-element elementor-element-480443b elementor-widget elementor-widget-heading\" data-id=\"480443b\" data-element_type=\"widget\" data-e-type=\"widget\" data-widget_type=\"heading.default\">\n\t\t\t\t<div class=\"elementor-widget-container\">\n\t\t\t\t\t<h1 class=\"elementor-heading-title elementor-size-default\">TWO-LAYER CONCRETE PAVERS<\/h1>\t\t\t\t<\/div>\n\t\t\t\t<\/div>\n\t\t\t\t<div class=\"elementor-element elementor-element-0be92a0 elementor-widget elementor-widget-image\" data-id=\"0be92a0\" data-element_type=\"widget\" data-e-type=\"widget\" data-widget_type=\"image.default\">\n\t\t\t\t<div class=\"elementor-widget-container\">\n\t\t\t\t\t\t\t\t\t\t\t\t\t\t\t<img decoding=\"async\" width=\"1198\" height=\"764\" src=\"https:\/\/www.hormicad.es\/wp-content\/uploads\/2023\/01\/3.3.jpg\" class=\"attachment-full size-full wp-image-5412\" alt=\"\" srcset=\"https:\/\/www.hormicad.es\/wp-content\/uploads\/2023\/01\/3.3.jpg 1198w, https:\/\/www.hormicad.es\/wp-content\/uploads\/2023\/01\/3.3-300x191.jpg 300w, https:\/\/www.hormicad.es\/wp-content\/uploads\/2023\/01\/3.3-1024x653.jpg 1024w, https:\/\/www.hormicad.es\/wp-content\/uploads\/2023\/01\/3.3-768x490.jpg 768w, https:\/\/www.hormicad.es\/wp-content\/uploads\/2023\/01\/3.3-600x383.jpg 600w\" sizes=\"300px\" \/>\t\t\t\t\t\t\t\t\t\t\t\t\t\t\t<\/div>\n\t\t\t\t<\/div>\n\t\t\t\t<\/div>\n\t\t\t\t\t<\/div>\n\t\t\t\t<\/div>\n\t\t\t\t\t<\/div>\n\t\t\t\t<\/div>\n\t\t\t\t<\/div>\n\t\t<div class=\"elementor-element elementor-element-21817ec e-flex e-con-boxed e-con e-parent\" data-id=\"21817ec\" data-element_type=\"container\" data-e-type=\"container\">\n\t\t\t\t\t<div class=\"e-con-inner\">\n\t\t\t\t<div class=\"elementor-element elementor-element-77f4261 elementor-widget elementor-widget-text-editor\" data-id=\"77f4261\" data-element_type=\"widget\" data-e-type=\"widget\" data-widget_type=\"text-editor.default\">\n\t\t\t\t<div class=\"elementor-widget-container\">\n\t\t\t\t\t\t\t\t\t<p>Discover the two-layer concrete pavers, the perfect solution for your civil works projects. In our company, specialized in precast concrete for construction and renewable energies, we offer you high quality pavers with numerous advantages. <\/p><p>Our two-layer concrete pavers stand out for their <strong>excellent quality-price ratio,<\/strong> which makes them an economical and cost-effective option for your project. In addition, their prefabricated design guarantees easy execution, speeding up construction times and reducing labor costs. <\/p><p>Durability is another of the strengths of our pavers. Manufactured with top quality materials, they <strong>resist the passage of time,<\/strong> climatic changes and intense traffic, maintaining their appearance and functionality over the years. <\/p><p>Another outstanding advantage is their <strong>contribution to the recycling of materials.<\/strong> By using precast concrete pavers, you are opting for a sustainable and environmentally friendly option, as they can be recycled at the end of their useful life, thus reducing waste generation.<\/p><p>Enhance your construction and civil works projects with two-layer concrete pavers &#8211; contact us now for more information and to discover our high quality customized solutions! <\/p>\t\t\t\t\t\t\t\t<\/div>\n\t\t\t\t<\/div>\n\t\t\t\t\t<\/div>\n\t\t\t\t<\/div>\n\t\t<div class=\"elementor-element elementor-element-f1fedb8 e-flex e-con-boxed e-con e-parent\" data-id=\"f1fedb8\" data-element_type=\"container\" data-e-type=\"container\">\n\t\t\t\t\t<div class=\"e-con-inner\">\n\t\t\t\t<div class=\"elementor-element elementor-element-3fca050 elementor-widget elementor-widget-heading\" data-id=\"3fca050\" data-element_type=\"widget\" data-e-type=\"widget\" data-widget_type=\"heading.default\">\n\t\t\t\t<div class=\"elementor-widget-container\">\n\t\t\t\t\t<h3 class=\"elementor-heading-title elementor-size-default\">TWO-LAYER CONCRETE PAVERS, DIMENSIONS AND COLORS.<\/h3>\t\t\t\t<\/div>\n\t\t\t\t<\/div>\n\t\t\t\t<div class=\"elementor-element elementor-element-1f2b8dc elementor-widget elementor-widget-spacer\" data-id=\"1f2b8dc\" data-element_type=\"widget\" data-e-type=\"widget\" data-widget_type=\"spacer.default\">\n\t\t\t\t<div class=\"elementor-widget-container\">\n\t\t\t\t\t\t\t<div class=\"elementor-spacer\">\n\t\t\t<div class=\"elementor-spacer-inner\"><\/div>\n\t\t<\/div>\n\t\t\t\t\t\t<\/div>\n\t\t\t\t<\/div>\n\t\t\t\t\t<\/div>\n\t\t\t\t<\/div>\n\t\t<div class=\"elementor-element elementor-element-73e7832 e-flex e-con-boxed e-con e-parent\" data-id=\"73e7832\" data-element_type=\"container\" data-e-type=\"container\">\n\t\t\t\t\t<div class=\"e-con-inner\">\n\t\t<div class=\"elementor-element elementor-element-a097573 e-con-full e-flex e-con e-child\" data-id=\"a097573\" data-element_type=\"container\" data-e-type=\"container\">\n\t\t\t\t<div class=\"elementor-element elementor-element-ff06206 elementor-widget elementor-widget-image\" data-id=\"ff06206\" data-element_type=\"widget\" data-e-type=\"widget\" data-widget_type=\"image.default\">\n\t\t\t\t<div class=\"elementor-widget-container\">\n\t\t\t\t\t\t\t\t\t\t\t\t\t\t\t<img decoding=\"async\" width=\"300\" height=\"191\" src=\"https:\/\/www.hormicad.es\/wp-content\/uploads\/2023\/01\/3.3.1-h-300x191.jpg\" class=\"attachment-medium size-medium wp-image-5501\" alt=\"\" srcset=\"https:\/\/www.hormicad.es\/wp-content\/uploads\/2023\/01\/3.3.1-h-300x191.jpg 300w, https:\/\/www.hormicad.es\/wp-content\/uploads\/2023\/01\/3.3.1-h-1024x653.jpg 1024w, https:\/\/www.hormicad.es\/wp-content\/uploads\/2023\/01\/3.3.1-h-768x490.jpg 768w, https:\/\/www.hormicad.es\/wp-content\/uploads\/2023\/01\/3.3.1-h-600x383.jpg 600w, https:\/\/www.hormicad.es\/wp-content\/uploads\/2023\/01\/3.3.1-h.jpg 1198w\" sizes=\"300px\" \/>\t\t\t\t\t\t\t\t\t\t\t\t\t\t\t<\/div>\n\t\t\t\t<\/div>\n\t\t\t\t<\/div>\n\t\t<div class=\"elementor-element elementor-element-82dd59b e-con-full e-flex e-con e-child\" data-id=\"82dd59b\" data-element_type=\"container\" data-e-type=\"container\">\n\t\t\t\t<div class=\"elementor-element elementor-element-19779d8 elementor-widget elementor-widget-text-editor\" data-id=\"19779d8\" data-element_type=\"widget\" data-e-type=\"widget\" data-widget_type=\"text-editor.default\">\n\t\t\t\t<div class=\"elementor-widget-container\">\n\t\t\t\t\t\t\t\t\t<h2>Two-layer paving stone 10&#215;20<\/h2><table width=\"455\"><tbody><tr><td><strong>Dimensions<\/strong><\/td><td><strong>m2\/ pallet<\/strong><\/td><td><strong>Weight <br><\/strong><\/td><td><strong>Pieces m2<\/strong><\/td><td><strong>Color<\/strong><\/td><\/tr><tr><td>6x10x20<\/td><td>10<\/td><td>2,74<\/td><td>50<\/td><td><p>Gray\/White<\/p><p>Cream\/Salmon<\/p><p>Red\/Blue<\/p><p>Green\/Black\/Autumn<\/p><\/td><\/tr><tr><td>8x10x20<\/td><td>8<\/td><td>3,78<\/td><td>50<\/td><td><p>Gray\/White<\/p><p>Cream\/Salmon<\/p><p>Red\/Blue<\/p><p>Green\/Black\/Autumn<\/p><\/td><\/tr><\/tbody><\/table>\t\t\t\t\t\t\t\t<\/div>\n\t\t\t\t<\/div>\n\t\t\t\t<\/div>\n\t\t\t\t\t<\/div>\n\t\t\t\t<\/div>\n\t\t<div class=\"elementor-element elementor-element-0e132cd e-flex e-con-boxed e-con e-parent\" data-id=\"0e132cd\" data-element_type=\"container\" data-e-type=\"container\">\n\t\t\t\t\t<div class=\"e-con-inner\">\n\t\t<div class=\"elementor-element elementor-element-b7a9159 e-con-full e-flex e-con e-child\" data-id=\"b7a9159\" data-element_type=\"container\" data-e-type=\"container\">\n\t\t\t\t<div class=\"elementor-element elementor-element-4bbe0de elementor-widget elementor-widget-image\" data-id=\"4bbe0de\" data-element_type=\"widget\" data-e-type=\"widget\" data-widget_type=\"image.default\">\n\t\t\t\t<div class=\"elementor-widget-container\">\n\t\t\t\t\t\t\t\t\t\t\t\t\t\t\t<img loading=\"lazy\" decoding=\"async\" width=\"300\" height=\"191\" src=\"https:\/\/www.hormicad.es\/wp-content\/uploads\/2023\/01\/3.2.2-h-1-300x191.jpg\" class=\"attachment-medium size-medium wp-image-5559\" alt=\"\" srcset=\"https:\/\/www.hormicad.es\/wp-content\/uploads\/2023\/01\/3.2.2-h-1-300x191.jpg 300w, https:\/\/www.hormicad.es\/wp-content\/uploads\/2023\/01\/3.2.2-h-1-1024x653.jpg 1024w, https:\/\/www.hormicad.es\/wp-content\/uploads\/2023\/01\/3.2.2-h-1-768x490.jpg 768w, https:\/\/www.hormicad.es\/wp-content\/uploads\/2023\/01\/3.2.2-h-1-600x383.jpg 600w, https:\/\/www.hormicad.es\/wp-content\/uploads\/2023\/01\/3.2.2-h-1.jpg 1198w\" sizes=\"300px\" \/>\t\t\t\t\t\t\t\t\t\t\t\t\t\t\t<\/div>\n\t\t\t\t<\/div>\n\t\t\t\t<\/div>\n\t\t<div class=\"elementor-element elementor-element-943b12d e-con-full e-flex e-con e-child\" data-id=\"943b12d\" data-element_type=\"container\" data-e-type=\"container\">\n\t\t\t\t<div class=\"elementor-element elementor-element-92127a9 elementor-widget elementor-widget-text-editor\" data-id=\"92127a9\" data-element_type=\"widget\" data-e-type=\"widget\" data-widget_type=\"text-editor.default\">\n\t\t\t\t<div class=\"elementor-widget-container\">\n\t\t\t\t\t\t\t\t\t<h2>20&#215;20 Two-layer paving stone<\/h2><table width=\"455\"><tbody><tr><td><strong>Dimensions<\/strong><\/td><td><strong>m2\/ pallet<\/strong><\/td><td><strong>Weight <br><\/strong><\/td><td><strong>Pieces m2<\/strong><\/td><td><strong>Color<\/strong><\/td><\/tr><tr><td>6x20x20<\/td><td>12<\/td><td>5,20<\/td><td>25<\/td><td><p>Gray\/White<\/p><p>Cream\/Salmon<\/p><p>Red\/Blue<\/p><p>Green\/Black\/Autumn<\/p><\/td><\/tr><tr><td>8x20x20<\/td><td>9,6<\/td><td>7,34<\/td><td>25<\/td><td><p>Gray\/White<\/p><p>Cream\/Salmon\/Red\/Blue<\/p><p>Green\/Black\/Autumn<\/p><\/td><\/tr><\/tbody><\/table>\t\t\t\t\t\t\t\t<\/div>\n\t\t\t\t<\/div>\n\t\t\t\t<\/div>\n\t\t\t\t\t<\/div>\n\t\t\t\t<\/div>\n\t\t<div class=\"elementor-element elementor-element-c7277df e-flex e-con-boxed e-con e-parent\" data-id=\"c7277df\" data-element_type=\"container\" data-e-type=\"container\">\n\t\t\t\t\t<div class=\"e-con-inner\">\n\t\t<div class=\"elementor-element elementor-element-7451e89 e-con-full e-flex e-con e-child\" data-id=\"7451e89\" data-element_type=\"container\" data-e-type=\"container\">\n\t\t\t\t<div class=\"elementor-element elementor-element-42ec27e elementor-widget elementor-widget-image\" data-id=\"42ec27e\" data-element_type=\"widget\" data-e-type=\"widget\" data-widget_type=\"image.default\">\n\t\t\t\t<div class=\"elementor-widget-container\">\n\t\t\t\t\t\t\t\t\t\t\t\t\t\t\t<img loading=\"lazy\" decoding=\"async\" width=\"300\" height=\"191\" src=\"https:\/\/www.hormicad.es\/wp-content\/uploads\/2023\/01\/3.2.3-h-1-300x191.jpg\" class=\"attachment-medium size-medium wp-image-5549\" alt=\"\" srcset=\"https:\/\/www.hormicad.es\/wp-content\/uploads\/2023\/01\/3.2.3-h-1-300x191.jpg 300w, https:\/\/www.hormicad.es\/wp-content\/uploads\/2023\/01\/3.2.3-h-1-1024x653.jpg 1024w, https:\/\/www.hormicad.es\/wp-content\/uploads\/2023\/01\/3.2.3-h-1-768x490.jpg 768w, https:\/\/www.hormicad.es\/wp-content\/uploads\/2023\/01\/3.2.3-h-1-600x383.jpg 600w, https:\/\/www.hormicad.es\/wp-content\/uploads\/2023\/01\/3.2.3-h-1.jpg 1198w\" sizes=\"300px\" \/>\t\t\t\t\t\t\t\t\t\t\t\t\t\t\t<\/div>\n\t\t\t\t<\/div>\n\t\t\t\t<\/div>\n\t\t<div class=\"elementor-element elementor-element-ef9329b e-con-full e-flex e-con e-child\" data-id=\"ef9329b\" data-element_type=\"container\" data-e-type=\"container\">\n\t\t\t\t<div class=\"elementor-element elementor-element-a9a11e0 elementor-widget elementor-widget-text-editor\" data-id=\"a9a11e0\" data-element_type=\"widget\" data-e-type=\"widget\" data-widget_type=\"text-editor.default\">\n\t\t\t\t<div class=\"elementor-widget-container\">\n\t\t\t\t\t\t\t\t\t<h2>Two-layer paving stone 20&#215;30<\/h2><table width=\"455\"><tbody><tr><td><strong>Dimensions<\/strong><\/td><td><strong>m2\/ pallet<\/strong><\/td><td><strong>Weight <br><\/strong><\/td><td><strong>Pieces m2<\/strong><\/td><td><strong>Color<\/strong><\/td><\/tr><tr><td>6x20x30<\/td><td>12<\/td><td>7,86<\/td><td>16,66<\/td><td><p>Gray\/White<\/p><p>Cream\/Salmon<\/p><p>Red\/Blue<\/p><p>Green\/Black\/Autumn<\/p><\/td><\/tr><tr><td>8x20x30<\/td><td>9,6<\/td><td>&#8212;<\/td><td>16,66<\/td><td><p>Gray\/White<\/p><p>Cream\/Salmon<\/p><p>Red\/Blue<\/p><p>Green\/Black\/Autumn<\/p><\/td><\/tr><\/tbody><\/table>\t\t\t\t\t\t\t\t<\/div>\n\t\t\t\t<\/div>\n\t\t\t\t<\/div>\n\t\t\t\t\t<\/div>\n\t\t\t\t<\/div>\n\t\t\t\t<\/div>\n\t\t","protected":false},"excerpt":{"rendered":"<p>Descubre los adoquines de hormig\u00f3n bicapa, la soluci\u00f3n perfecta para tus proyectos de obra civil. En nuestra empresa, especializada en prefabricados de hormig\u00f3n para la construcci\u00f3n y las energ\u00edas renovables, te ofrecemos adoquines de alta calidad con numerosas ventajas. Nuestros adoquines de hormig\u00f3n bicapa destacan por su\u00a0excelente relaci\u00f3n calidad-precio,\u00a0lo que los convierte en una opci\u00f3n [&hellip;]<\/p>\n","protected":false},"author":2,"featured_media":0,"parent":0,"menu_order":0,"comment_status":"closed","ping_status":"closed","template":"","meta":{"site-sidebar-layout":"no-sidebar","site-content-layout":"page-builder","ast-site-content-layout":"full-width-container","site-content-style":"default","site-sidebar-style":"default","ast-global-header-display":"","ast-banner-title-visibility":"","ast-main-header-display":"","ast-hfb-above-header-display":"","ast-hfb-below-header-display":"","ast-hfb-mobile-header-display":"","site-post-title":"disabled","ast-breadcrumbs-content":"","ast-featured-img":"disabled","footer-sml-layout":"","ast-disable-related-posts":"","theme-transparent-header-meta":"","adv-header-id-meta":"","stick-header-meta":"","header-above-stick-meta":"","header-main-stick-meta":"","header-below-stick-meta":"","astra-migrate-meta-layouts":"default","ast-page-background-enabled":"default","ast-page-background-meta":{"desktop":{"background-color":"var(--ast-global-color-4)","background-image":"","background-repeat":"repeat","background-position":"center center","background-size":"auto","background-attachment":"scroll","background-type":"","background-media":"","overlay-type":"","overlay-color":"","overlay-opacity":"","overlay-gradient":""},"tablet":{"background-color":"","background-image":"","background-repeat":"repeat","background-position":"center center","background-size":"auto","background-attachment":"scroll","background-type":"","background-media":"","overlay-type":"","overlay-color":"","overlay-opacity":"","overlay-gradient":""},"mobile":{"background-color":"","background-image":"","background-repeat":"repeat","background-position":"center center","background-size":"auto","background-attachment":"scroll","background-type":"","background-media":"","overlay-type":"","overlay-color":"","overlay-opacity":"","overlay-gradient":""}},"ast-content-background-meta":{"desktop":{"background-color":"var(--ast-global-color-5)","background-image":"","background-repeat":"repeat","background-position":"center center","background-size":"auto","background-attachment":"scroll","background-type":"","background-media":"","overlay-type":"","overlay-color":"","overlay-opacity":"","overlay-gradient":""},"tablet":{"background-color":"var(--ast-global-color-5)","background-image":"","background-repeat":"repeat","background-position":"center center","background-size":"auto","background-attachment":"scroll","background-type":"","background-media":"","overlay-type":"","overlay-color":"","overlay-opacity":"","overlay-gradient":""},"mobile":{"background-color":"var(--ast-global-color-5)","background-image":"","background-repeat":"repeat","background-position":"center center","background-size":"auto","background-attachment":"scroll","background-type":"","background-media":"","overlay-type":"","overlay-color":"","overlay-opacity":"","overlay-gradient":""}},"footnotes":""},"class_list":["post-5593","page","type-page","status-publish","hentry"],"_links":{"self":[{"href":"https:\/\/www.hormicad.es\/en\/wp-json\/wp\/v2\/pages\/5593","targetHints":{"allow":["GET"]}}],"collection":[{"href":"https:\/\/www.hormicad.es\/en\/wp-json\/wp\/v2\/pages"}],"about":[{"href":"https:\/\/www.hormicad.es\/en\/wp-json\/wp\/v2\/types\/page"}],"author":[{"embeddable":true,"href":"https:\/\/www.hormicad.es\/en\/wp-json\/wp\/v2\/users\/2"}],"replies":[{"embeddable":true,"href":"https:\/\/www.hormicad.es\/en\/wp-json\/wp\/v2\/comments?post=5593"}],"version-history":[{"count":0,"href":"https:\/\/www.hormicad.es\/en\/wp-json\/wp\/v2\/pages\/5593\/revisions"}],"wp:attachment":[{"href":"https:\/\/www.hormicad.es\/en\/wp-json\/wp\/v2\/media?parent=5593"}],"curies":[{"name":"wp","href":"https:\/\/api.w.org\/{rel}","templated":true}]}}