{"id":5541,"date":"2024-05-06T07:06:28","date_gmt":"2024-05-06T05:06:28","guid":{"rendered":"https:\/\/www.hormicad.es\/hydraulic-tile-16-buttons\/"},"modified":"2026-04-22T12:51:24","modified_gmt":"2026-04-22T10:51:24","slug":"hydraulic-tile-16-buttons","status":"publish","type":"page","link":"https:\/\/www.hormicad.es\/en\/hydraulic-tile-16-buttons\/","title":{"rendered":"HYDRAULIC TILE 16 BUTTONS"},"content":{"rendered":"\t\t<div data-elementor-type=\"wp-page\" data-elementor-id=\"5541\" class=\"elementor elementor-5541 elementor-1887\" data-elementor-post-type=\"page\">\n\t\t\t\t<div class=\"elementor-element elementor-element-344a17a e-con-full e-flex e-con e-parent\" data-id=\"344a17a\" data-element_type=\"container\" data-e-type=\"container\">\n\t\t<div class=\"elementor-element elementor-element-e37e018 e-flex e-con-boxed e-con e-child\" data-id=\"e37e018\" data-element_type=\"container\" data-e-type=\"container\" data-settings=\"{&quot;background_background&quot;:&quot;classic&quot;}\">\n\t\t\t\t\t<div class=\"e-con-inner\">\n\t\t<div class=\"elementor-element elementor-element-d74ee18 e-flex e-con-boxed e-con e-child\" data-id=\"d74ee18\" data-element_type=\"container\" data-e-type=\"container\">\n\t\t\t\t\t<div class=\"e-con-inner\">\n\t\t<div class=\"elementor-element elementor-element-78c60ba e-con-full e-flex e-con e-child\" data-id=\"78c60ba\" data-element_type=\"container\" data-e-type=\"container\">\n\t\t\t\t<div class=\"elementor-element elementor-element-1b222d6 elementor-widget elementor-widget-spacer\" data-id=\"1b222d6\" data-element_type=\"widget\" data-e-type=\"widget\" data-widget_type=\"spacer.default\">\n\t\t\t\t<div class=\"elementor-widget-container\">\n\t\t\t\t\t\t\t<div class=\"elementor-spacer\">\n\t\t\t<div class=\"elementor-spacer-inner\"><\/div>\n\t\t<\/div>\n\t\t\t\t\t\t<\/div>\n\t\t\t\t<\/div>\n\t\t\t\t<div class=\"elementor-element elementor-element-ed34031 elementor-widget elementor-widget-heading\" data-id=\"ed34031\" data-element_type=\"widget\" data-e-type=\"widget\" data-widget_type=\"heading.default\">\n\t\t\t\t<div class=\"elementor-widget-container\">\n\t\t\t\t\t<h1 class=\"elementor-heading-title elementor-size-default\">HYDRAULIC TILE 16 BUTTONS<\/h1>\t\t\t\t<\/div>\n\t\t\t\t<\/div>\n\t\t\t\t<\/div>\n\t\t\t\t\t<\/div>\n\t\t\t\t<\/div>\n\t\t\t\t\t<\/div>\n\t\t\t\t<\/div>\n\t\t\t\t<\/div>\n\t\t<div class=\"elementor-element elementor-element-6b809ef e-flex e-con-boxed e-con e-parent\" data-id=\"6b809ef\" data-element_type=\"container\" data-e-type=\"container\">\n\t\t\t\t\t<div class=\"e-con-inner\">\n\t\t\t\t<div class=\"elementor-element elementor-element-e803c1d elementor-widget elementor-widget-spacer\" data-id=\"e803c1d\" data-element_type=\"widget\" data-e-type=\"widget\" data-widget_type=\"spacer.default\">\n\t\t\t\t<div class=\"elementor-widget-container\">\n\t\t\t\t\t\t\t<div class=\"elementor-spacer\">\n\t\t\t<div class=\"elementor-spacer-inner\"><\/div>\n\t\t<\/div>\n\t\t\t\t\t\t<\/div>\n\t\t\t\t<\/div>\n\t\t<div class=\"elementor-element elementor-element-6c45d37 e-flex e-con-boxed e-con e-child\" data-id=\"6c45d37\" data-element_type=\"container\" data-e-type=\"container\">\n\t\t\t\t\t<div class=\"e-con-inner\">\n\t\t<div class=\"elementor-element elementor-element-8b6e1ca e-con-full e-flex e-con e-child\" data-id=\"8b6e1ca\" data-element_type=\"container\" data-e-type=\"container\">\n\t\t\t\t<div class=\"elementor-element elementor-element-326b4bd elementor-widget elementor-widget-image\" data-id=\"326b4bd\" data-element_type=\"widget\" data-e-type=\"widget\" data-widget_type=\"image.default\">\n\t\t\t\t<div class=\"elementor-widget-container\">\n\t\t\t\t\t\t\t\t\t\t\t\t\t\t\t<img fetchpriority=\"high\" decoding=\"async\" width=\"300\" height=\"191\" src=\"https:\/\/www.hormicad.es\/wp-content\/uploads\/2023\/01\/3.4.3-h-300x191.jpg\" class=\"attachment-medium size-medium wp-image-5543\" alt=\"\" srcset=\"https:\/\/www.hormicad.es\/wp-content\/uploads\/2023\/01\/3.4.3-h-300x191.jpg 300w, https:\/\/www.hormicad.es\/wp-content\/uploads\/2023\/01\/3.4.3-h-1024x653.jpg 1024w, https:\/\/www.hormicad.es\/wp-content\/uploads\/2023\/01\/3.4.3-h-768x490.jpg 768w, https:\/\/www.hormicad.es\/wp-content\/uploads\/2023\/01\/3.4.3-h-600x383.jpg 600w, https:\/\/www.hormicad.es\/wp-content\/uploads\/2023\/01\/3.4.3-h.jpg 1198w\" sizes=\"300px\" \/>\t\t\t\t\t\t\t\t\t\t\t\t\t\t\t<\/div>\n\t\t\t\t<\/div>\n\t\t\t\t<\/div>\n\t\t<div class=\"elementor-element elementor-element-23e4e4a e-con-full e-flex e-con e-child\" data-id=\"23e4e4a\" data-element_type=\"container\" data-e-type=\"container\">\n\t\t\t\t<div class=\"elementor-element elementor-element-92617d4 elementor-widget elementor-widget-text-editor\" data-id=\"92617d4\" data-element_type=\"widget\" data-e-type=\"widget\" data-widget_type=\"text-editor.default\">\n\t\t\t\t<div class=\"elementor-widget-container\">\n\t\t\t\t\t\t\t\t\t<h2>Hydraulic Tile 16 Buttons<\/h2><table width=\"455\"><tbody><tr><td><strong>Dimensions<\/strong><\/td><td><strong>m2\/ pallet<\/strong><\/td><td><strong>Weight <br><\/strong><\/td><td><strong>Pieces m2<\/strong><\/td><td><strong>Color<\/strong><\/td><\/tr><tr><td>20x20x3<\/td><td>12,5<\/td><td>69 kg\/m2<\/td><td>25<\/td><td><p>Gray<\/p><p>Black<\/p><p>Red<\/p><\/td><\/tr><\/tbody><\/table>\t\t\t\t\t\t\t\t<\/div>\n\t\t\t\t<\/div>\n\t\t\t\t<\/div>\n\t\t\t\t\t<\/div>\n\t\t\t\t<\/div>\n\t\t\t\t\t<\/div>\n\t\t\t\t<\/div>\n\t\t<div class=\"elementor-element elementor-element-f08e046 e-flex e-con-boxed e-con e-parent\" data-id=\"f08e046\" data-element_type=\"container\" data-e-type=\"container\">\n\t\t\t\t\t<div class=\"e-con-inner\">\n\t\t\t\t<div class=\"elementor-element elementor-element-d7f4296 elementor-widget elementor-widget-spacer\" data-id=\"d7f4296\" data-element_type=\"widget\" data-e-type=\"widget\" data-widget_type=\"spacer.default\">\n\t\t\t\t<div class=\"elementor-widget-container\">\n\t\t\t\t\t\t\t<div class=\"elementor-spacer\">\n\t\t\t<div class=\"elementor-spacer-inner\"><\/div>\n\t\t<\/div>\n\t\t\t\t\t\t<\/div>\n\t\t\t\t<\/div>\n\t\t\t\t<div class=\"elementor-element elementor-element-c46765f elementor-widget elementor-widget-text-editor\" data-id=\"c46765f\" data-element_type=\"widget\" data-e-type=\"widget\" data-widget_type=\"text-editor.default\">\n\t\t\t\t<div class=\"elementor-widget-container\">\n\t\t\t\t\t\t\t\t\t<div class=\"column mcb-column mcb-item-3cadb794c one laptop-one tablet-one mobile-one column_column\"><div class=\"mcb-column-inner mfn-module-wrapper mcb-column-inner-3cadb794c mcb-item-column-inner\"><div class=\"column_attr mfn-inline-editor clearfix\"><div class=\"flex flex-grow flex-col gap-3\"><div class=\"min-h-[20px] flex flex-col items-start gap-4 whitespace-pre-wrap break-words\"><div class=\"markdown prose w-full break-words dark:prose-invert light\"><div class=\"mcb-wrap-background-overlay\"><h2>Discover our hydraulic tile with 16 buttons<\/h2><p>An exceptional choice for your paving projects. As specialists in precast concrete for construction and renewable energy, we offer quality and versatile solutions. Our precast two-layer concrete pavers are a <strong>cost-effective and practical choice for civil works.<\/strong> Thanks to their efficient manufacturing process, we can offer a high quality product at a competitive cost. In addition, installation is simple and quick, saving you time and resources. Our two-layer concrete pavers<strong> blend harmoniously into any environment. <\/strong>Whether in urban, residential or commercial areas, their versatile and aesthetic design fits perfectly with the surrounding environment, enhancing the appearance of your spaces. <strong>Durability is a key feature <\/strong>of our concrete pavers. Thanks to the high quality materials used in their manufacture, they resist daily wear and tear, weather changes and constant traffic, maintaining their appearance and functionality over the long term. They are a durable and reliable investment for your paving projects. In addition, by choosing our prefabricated two-layer concrete pavers,<strong> you contribute to the care of the environment.<\/strong> The materials used in their manufacture are recyclable, which reduces environmental impact and promotes sustainability. Enhance your paving projects with our 16-button hydraulic tile. Contact us for more information and find out how we can help you create durable, aesthetic and environmentally friendly spaces. Make your paving projects a reality with us!          <\/p><\/div><\/div><\/div><\/div><\/div><\/div><\/div>\t\t\t\t\t\t\t\t<\/div>\n\t\t\t\t<\/div>\n\t\t\t\t<div class=\"elementor-element elementor-element-8c0f545 elementor-widget elementor-widget-spacer\" data-id=\"8c0f545\" data-element_type=\"widget\" data-e-type=\"widget\" data-widget_type=\"spacer.default\">\n\t\t\t\t<div class=\"elementor-widget-container\">\n\t\t\t\t\t\t\t<div class=\"elementor-spacer\">\n\t\t\t<div class=\"elementor-spacer-inner\"><\/div>\n\t\t<\/div>\n\t\t\t\t\t\t<\/div>\n\t\t\t\t<\/div>\n\t\t\t\t\t<\/div>\n\t\t\t\t<\/div>\n\t\t<div class=\"elementor-element elementor-element-4d4844d e-flex e-con-boxed e-con e-parent\" data-id=\"4d4844d\" data-element_type=\"container\" data-e-type=\"container\">\n\t\t\t\t\t<div class=\"e-con-inner\">\n\t\t\t\t<div class=\"elementor-element elementor-element-c30a7e2 elementor-widget elementor-widget-heading\" data-id=\"c30a7e2\" data-element_type=\"widget\" data-e-type=\"widget\" data-widget_type=\"heading.default\">\n\t\t\t\t<div class=\"elementor-widget-container\">\n\t\t\t\t\t<h4 class=\"elementor-heading-title elementor-size-default\">For more information about the product, please do not hesitate to contact us.\n<\/h4>\t\t\t\t<\/div>\n\t\t\t\t<\/div>\n\t\t\t\t<div class=\"elementor-element elementor-element-72a762e elementor-widget elementor-widget-text-editor\" data-id=\"72a762e\" data-element_type=\"widget\" data-e-type=\"widget\" data-widget_type=\"text-editor.default\">\n\t\t\t\t<div class=\"elementor-widget-container\">\n\t\t\t\t\t\t\t\t\t<p>We will respond as soon as possible<\/p>\t\t\t\t\t\t\t\t<\/div>\n\t\t\t\t<\/div>\n\t\t\t\t<div class=\"elementor-element elementor-element-5c1d1da elementor-widget elementor-widget-shortcode\" data-id=\"5c1d1da\" data-element_type=\"widget\" data-e-type=\"widget\" data-widget_type=\"shortcode.default\">\n\t\t\t\t<div class=\"elementor-widget-container\">\n\t\t\t\t\t\t\t<div class=\"elementor-shortcode\"><div class=\"wpforms-container \" id=\"wpforms-1597\"><form id=\"wpforms-form-1597\" class=\"wpforms-validate wpforms-form wpforms-ajax-form\" data-formid=\"1597\" method=\"post\" enctype=\"multipart\/form-data\" action=\"\/en\/wp-json\/wp\/v2\/pages\/5541\" data-token=\"8d056ec608e229744aa9ef027be14e35\"><noscript class=\"wpforms-error-noscript\">Please enable JavaScript in your browser to complete this form.<\/noscript><div class=\"wpforms-field-container\"><div id=\"wpforms-1597-field_1-container\" class=\"wpforms-field wpforms-field-text\" data-field-id=\"1\"><label class=\"wpforms-field-label wpforms-label-hide\" for=\"wpforms-1597-field_1\">Nombre <span class=\"wpforms-required-label\">*<\/span><\/label><input type=\"text\" id=\"wpforms-1597-field_1\" class=\"wpforms-field-large wpforms-field-required\" name=\"wpforms[fields][1]\" placeholder=\"Nombre o Empresa\" required><\/div><div id=\"wpforms-1597-field_2-container\" class=\"wpforms-field wpforms-field-text\" data-field-id=\"2\"><label class=\"wpforms-field-label wpforms-label-hide\" for=\"wpforms-1597-field_2\">Email <span class=\"wpforms-required-label\">*<\/span><\/label><input type=\"text\" id=\"wpforms-1597-field_2\" class=\"wpforms-field-large wpforms-field-required\" name=\"wpforms[fields][2]\" placeholder=\"Email\" required><\/div><div id=\"wpforms-1597-field_5-container\" class=\"wpforms-field wpforms-field-phone\" data-field-id=\"5\"><label class=\"wpforms-field-label wpforms-label-hide\" for=\"wpforms-1597-field_5\">Tel\u00e9fono <span class=\"wpforms-required-label\">*<\/span><\/label><input type=\"tel\" id=\"wpforms-1597-field_5\" class=\"wpforms-field-large wpforms-field-required wpforms-smart-phone-field\" data-rule-smart-phone-field=\"true\" name=\"wpforms[fields][5]\" placeholder=\"Tel\u00e9fono\" required><\/div><div id=\"wpforms-1597-field_3-container\" class=\"wpforms-field wpforms-field-text\" data-field-id=\"3\"><label class=\"wpforms-field-label wpforms-label-hide\" for=\"wpforms-1597-field_3\">Asunto <span class=\"wpforms-required-label\">*<\/span><\/label><input type=\"text\" id=\"wpforms-1597-field_3\" class=\"wpforms-field-large wpforms-field-required\" name=\"wpforms[fields][3]\" placeholder=\"Asunto\" required><\/div><div id=\"wpforms-1597-field_4-container\" class=\"wpforms-field wpforms-field-textarea\" data-field-id=\"4\"><label class=\"wpforms-field-label wpforms-label-hide\" for=\"wpforms-1597-field_4\">Mensaje <span class=\"wpforms-required-label\">*<\/span><\/label><textarea id=\"wpforms-1597-field_4\" class=\"wpforms-field-medium wpforms-field-required\" name=\"wpforms[fields][4]\" placeholder=\"Mensaje\" required><\/textarea><\/div><\/div><!-- .wpforms-field-container --><div class=\"wpforms-recaptcha-container wpforms-is-recaptcha wpforms-is-recaptcha-type-v2\" ><div class=\"g-recaptcha\" data-sitekey=\"6Lfn-GIrAAAAAMz5p5Ay42yLux7IGAKGUrYrZzcx\"><\/div><input type=\"text\" name=\"g-recaptcha-hidden\" class=\"wpforms-recaptcha-hidden\" style=\"position:absolute!important;clip:rect(0,0,0,0)!important;height:1px!important;width:1px!important;border:0!important;overflow:hidden!important;padding:0!important;margin:0!important;\" data-rule-recaptcha=\"1\"><\/div><div class=\"wpforms-submit-container\" ><input type=\"hidden\" name=\"wpforms[id]\" value=\"1597\"><input type=\"hidden\" name=\"wpforms[author]\" value=\"2\"><button type=\"submit\" name=\"wpforms[submit]\" id=\"wpforms-submit-1597\" class=\"wpforms-submit\" data-alt-text=\"Enviando ...\" data-submit-text=\"ENVIAR \" aria-live=\"assertive\" value=\"wpforms-submit\">ENVIAR <\/button><img decoding=\"async\" src=\"https:\/\/www.hormicad.es\/wp-content\/plugins\/wpforms\/assets\/images\/submit-spin.svg\" class=\"wpforms-submit-spinner\" style=\"display: none;\" width=\"26\" height=\"26\" alt=\"Loading\"><\/div><\/form><\/div>  <!-- .wpforms-container --><\/div>\n\t\t\t\t\t\t<\/div>\n\t\t\t\t<\/div>\n\t\t\t\t\t<\/div>\n\t\t\t\t<\/div>\n\t\t<div class=\"elementor-element elementor-element-300faf2 e-flex e-con-boxed e-con e-parent\" data-id=\"300faf2\" data-element_type=\"container\" data-e-type=\"container\">\n\t\t\t\t\t<div class=\"e-con-inner\">\n\t\t\t\t\t<\/div>\n\t\t\t\t<\/div>\n\t\t\t\t<\/div>\n\t\t","protected":false},"excerpt":{"rendered":"<p>Baldosa Hidr\u00e1ulica 16 Botones Medidas m2\/ palet Peso\u00a0\u00a0 Piezas m2 Color 20x20x3 12,5 69 kg\/m2 25 Gris Negro Rojo Descubre nuestra baldosa hidr\u00e1ulica de 16 botones Una opci\u00f3n excepcional para tus proyectos de pavimentaci\u00f3n. Como especialistas en prefabricados de hormig\u00f3n para la construcci\u00f3n y las energ\u00edas renovables, ofrecemos soluciones de calidad y versatilidad. Nuestros pavimentos [&hellip;]<\/p>\n","protected":false},"author":2,"featured_media":0,"parent":0,"menu_order":0,"comment_status":"closed","ping_status":"closed","template":"","meta":{"site-sidebar-layout":"no-sidebar","site-content-layout":"page-builder","ast-site-content-layout":"full-width-container","site-content-style":"default","site-sidebar-style":"default","ast-global-header-display":"","ast-banner-title-visibility":"","ast-main-header-display":"","ast-hfb-above-header-display":"","ast-hfb-below-header-display":"","ast-hfb-mobile-header-display":"","site-post-title":"disabled","ast-breadcrumbs-content":"","ast-featured-img":"disabled","footer-sml-layout":"","ast-disable-related-posts":"","theme-transparent-header-meta":"","adv-header-id-meta":"","stick-header-meta":"","header-above-stick-meta":"","header-main-stick-meta":"","header-below-stick-meta":"","astra-migrate-meta-layouts":"default","ast-page-background-enabled":"default","ast-page-background-meta":{"desktop":{"background-color":"var(--ast-global-color-4)","background-image":"","background-repeat":"repeat","background-position":"center center","background-size":"auto","background-attachment":"scroll","background-type":"","background-media":"","overlay-type":"","overlay-color":"","overlay-opacity":"","overlay-gradient":""},"tablet":{"background-color":"","background-image":"","background-repeat":"repeat","background-position":"center center","background-size":"auto","background-attachment":"scroll","background-type":"","background-media":"","overlay-type":"","overlay-color":"","overlay-opacity":"","overlay-gradient":""},"mobile":{"background-color":"","background-image":"","background-repeat":"repeat","background-position":"center center","background-size":"auto","background-attachment":"scroll","background-type":"","background-media":"","overlay-type":"","overlay-color":"","overlay-opacity":"","overlay-gradient":""}},"ast-content-background-meta":{"desktop":{"background-color":"var(--ast-global-color-5)","background-image":"","background-repeat":"repeat","background-position":"center center","background-size":"auto","background-attachment":"scroll","background-type":"","background-media":"","overlay-type":"","overlay-color":"","overlay-opacity":"","overlay-gradient":""},"tablet":{"background-color":"var(--ast-global-color-5)","background-image":"","background-repeat":"repeat","background-position":"center center","background-size":"auto","background-attachment":"scroll","background-type":"","background-media":"","overlay-type":"","overlay-color":"","overlay-opacity":"","overlay-gradient":""},"mobile":{"background-color":"var(--ast-global-color-5)","background-image":"","background-repeat":"repeat","background-position":"center center","background-size":"auto","background-attachment":"scroll","background-type":"","background-media":"","overlay-type":"","overlay-color":"","overlay-opacity":"","overlay-gradient":""}},"footnotes":""},"class_list":["post-5541","page","type-page","status-publish","hentry"],"_links":{"self":[{"href":"https:\/\/www.hormicad.es\/en\/wp-json\/wp\/v2\/pages\/5541","targetHints":{"allow":["GET"]}}],"collection":[{"href":"https:\/\/www.hormicad.es\/en\/wp-json\/wp\/v2\/pages"}],"about":[{"href":"https:\/\/www.hormicad.es\/en\/wp-json\/wp\/v2\/types\/page"}],"author":[{"embeddable":true,"href":"https:\/\/www.hormicad.es\/en\/wp-json\/wp\/v2\/users\/2"}],"replies":[{"embeddable":true,"href":"https:\/\/www.hormicad.es\/en\/wp-json\/wp\/v2\/comments?post=5541"}],"version-history":[{"count":0,"href":"https:\/\/www.hormicad.es\/en\/wp-json\/wp\/v2\/pages\/5541\/revisions"}],"wp:attachment":[{"href":"https:\/\/www.hormicad.es\/en\/wp-json\/wp\/v2\/media?parent=5541"}],"curies":[{"name":"wp","href":"https:\/\/api.w.org\/{rel}","templated":true}]}}